{"id":35,"date":"2014-01-24T18:11:14","date_gmt":"2014-01-24T17:11:14","guid":{"rendered":"http:\/\/www.karbon-servis.cz\/carbon\/?page_id=35"},"modified":"2019-11-30T20:52:47","modified_gmt":"2019-11-30T19:52:47","slug":"servis-jizdnich-kol","status":"publish","type":"page","link":"https:\/\/www.karbon-servis.cz\/carbon\/servis-jizdnich-kol\/","title":{"rendered":"Servis j\u00edzdn\u00edch kol"},"content":{"rendered":"<div class=\"fcbkbttn_buttons_block\" id=\"fcbkbttn_left\"><div class=\"fcbkbttn_button\">\n                            <a href=\"https:\/\/www.facebook.com\/\" target=\"_blank\">\n                                <img decoding=\"async\" src=\"https:\/\/www.karbon-servis.cz\/carbon\/wp-content\/plugins\/facebook-button-plugin\/images\/standard-facebook-ico.png\" alt=\"Fb-Button\" \/>\n                            <\/a>\n                        <\/div><div class=\"fcbkbttn_like \"><fb:like href=\"https:\/\/www.karbon-servis.cz\/carbon\/servis-jizdnich-kol\/\" action=\"like\" colorscheme=\"light\" layout=\"standard\"  width=\"225px\" size=\"small\"><\/fb:like><\/div><\/div><p>Poskytujeme servis v\u0161ech typ\u016f a zna\u010dek j\u00edzdn\u00edch kol. Servis prov\u00e1d\u00edme v\u011bt\u0161inou do 24 hod, nebo dle domluvy.<br \/>\nP\u0159ed zapo\u010det\u00edm servisn\u00edch prac\u00ed V\u00e1m kolo prohl\u00e9dneme a prokonzultujeme s V\u00e1mi pot\u0159ebn\u00e9 \u00fakony,<br \/>\naby Va\u0161e j\u00edzdn\u00ed kolo bylo op\u011bt v co nejlep\u0161\u00ed kondici. V p\u0159\u00edpad\u011b \u017ee, naraz\u00edme na skryt\u00fd probl\u00e9m v<br \/>\npr\u016fb\u011bhu prac\u00ed budeme V\u00e1s kontaktovat, a sd\u011bl\u00edme V\u00e1m mo\u017en\u00e9 varianty oprav.<\/p>\n<h2>SERVIS ODPRU\u017dEN\u00ddCH VIDLIC A TLUMI\u010c\u016e<\/h2>\n<p>Prov\u00e1d\u00edme \u00fadr\u017ebu a opravy odpru\u017een\u00fdch vidlic a tlumi\u010d\u016f.<br \/>\nCeny servisn\u00edch \u00fakon\u016f se m\u016f\u017eou li\u0161it od typu a zna\u010dky vidlice \u010di tlumi\u010de.<br \/>\nCena servisu nezahrnuje materi\u00e1l (po\u0161kozen\u00fd d\u00edl,sady t\u011bsn\u011bn\u00ed atd.)<\/p>\n<h3><strong>Vidlice, tlumi\u010de (Fox, Rock Shox, Marzocchi, Suntour,<br \/>\nManitou,X-Fusion a dal\u0161\u00ed.)<\/strong><\/h3>\n<p>V\u00fdm\u011bna n\u00e1pln\u00ed, \u010di\u0161t\u011bn\u00ed bez v\u00fdm\u011bny gufer a t\u011bsn\u011bn\u00ed 450 a\u017e 600 K\u010d<br \/>\nGO- vy\u010di\u0161t\u011bn\u00ed, v\u00fdm\u011bna gufer a t\u011bsn\u011bn\u00ed, sestaven\u00ed,v\u00fdm\u011bna n\u00e1pln\u00ed 850 a\u017e 1000 K\u010d<br \/>\nV\u00fdm\u011bna futer v oku tlumi\u010de 150-250 K\u010d<\/p>\n<p>Cena nezahrnuje materi\u00e1l.<\/p>\n<p>Tlumi\u010de a vidlice je mo\u017en\u00e9 zaslat tak\u00e9 po\u0161tou, my je oprav\u00edme, provedeme \u00fadr\u017ebu a za\u0161leme zp\u011bt.<\/p>\n<h2>Cen\u00edk jednotliv\u00fdch \u00fakon\u016f (2018\/2019<\/h2>\n<table>\n<tbody>\n<tr>\n<td>V\u00fdm\u011bna &#8211; se\u0159\u00edzen\u00ed m\u011bni\u010de nebo p\u0159esmyka\u010de<\/td>\n<td>180 K\u010d<\/td>\n<\/tr>\n<tr>\n<td>V\u00fdm\u011bna &#8211; se\u0159\u00edzen\u00ed m\u011bni\u010de nebo p\u0159esmyka\u010de<\/td>\n<td>180 K\u010d<\/td>\n<\/tr>\n<tr>\n<td>V\u00fdm\u011bna \u0159ad\u00edc\u00edho lanka a bovdenu (v\u010d. se\u0159\u00edzen\u00ed)<\/td>\n<td>150 K\u010d<\/td>\n<\/tr>\n<tr>\n<td>V\u00fdm\u011bna \u0159azen\u00ed (v\u010d. se\u0159\u00edzen\u00ed)<\/td>\n<td>180 K\u010d<\/td>\n<\/tr>\n<tr>\n<td>V\u00fdm\u011bna \u0159et\u011bzu<\/td>\n<td>50 K\u010d<\/td>\n<\/tr>\n<tr>\n<td>V\u00fdm\u011bna st\u0159edov\u00e9 osy<\/td>\n<td>250-450 K\u010d<\/td>\n<\/tr>\n<tr>\n<td>V\u00fdm\u011bna kazety \/ v\u00edcekole\u010dka<\/td>\n<td>70 K\u010d<\/td>\n<\/tr>\n<tr>\n<td>V\u00fdm\u011bna klik a p\u0159evodn\u00edk\u016f<\/td>\n<td>220 K\u010d<\/td>\n<\/tr>\n<tr>\n<td>V\u00fdm\u011bna hlavov\u00e9ho slo\u017een\u00ed<\/td>\n<td>200-300 K\u010d<\/td>\n<\/tr>\n<tr>\n<td>Vypleten\u00ed kola<\/td>\n<td>350 K\u010d<\/td>\n<\/tr>\n<tr>\n<td>Rozpleten\u00ed kola\/vyst\u0159\u00edh\u00e1n\u00ed dr\u00e1t\u016f<\/td>\n<td>200\/80 K\u010d<\/td>\n<\/tr>\n<tr>\n<td>Centrov\u00e1n\u00ed kola (1 kolo)<\/td>\n<td>50 &#8211; 150 K\u010d<\/td>\n<\/tr>\n<tr>\n<td>V\u00fdm\u011bna pl\u00e1\u0161t\u011b nebo du\u0161e<\/td>\n<td>80 K\u010d<\/td>\n<\/tr>\n<tr>\n<td>Lepen\u00ed kola<\/td>\n<td>90 K\u010d<\/td>\n<\/tr>\n<tr>\n<td>Se\u0159\u00edzen\u00ed a namazan\u00ed n\u00e1boje<\/td>\n<td>80 &#8211; 250 K\u010d<\/td>\n<\/tr>\n<tr>\n<td>Dota\u017een\u00ed k\u00f3nus\u016f n\u00e1boje<\/td>\n<td>50 K\u010d<\/td>\n<\/tr>\n<tr>\n<td>V\u00fdm\u011bna brzdov\u00e9ho lanka a bowdenu<\/td>\n<td>150 K\u010d<\/td>\n<\/tr>\n<tr>\n<td>V\u00fdm\u011bna brzdov\u00fdch p\u00e1k<\/td>\n<td>100-300 K\u010d<\/td>\n<\/tr>\n<tr>\n<td>Se\u0159\u00edzen\u00ed r\u00e1fkov\u00e9 brzdy (2 brzdy)<\/td>\n<td>50 &#8211; 100 K\u010d<\/td>\n<\/tr>\n<tr>\n<td>V\u00fdm\u011bna brzdov\u00fdch \u0161pal\u00edk\u016f (2 brzdy v\u010d. se\u0159\u00edzen\u00ed)<\/td>\n<td>120 K\u010d<\/td>\n<\/tr>\n<tr>\n<td>Se\u0159\u00edzen\u00ed hydraulick\u00e9 brzdy (2 brzdy)<\/td>\n<td>150 K\u010d<\/td>\n<\/tr>\n<tr>\n<td>V\u00fdm\u011bna brzdov\u00fdch desti\u010dek (2 brzdy v\u010d. se\u0159\u00edzen\u00ed)<\/td>\n<td>180 K\u010d<\/td>\n<\/tr>\n<tr>\n<td>Rovn\u00e1n\u00ed brzdov\u00e9ho kotou\u010de (2 ks)<\/td>\n<td>100 K\u010d<\/td>\n<\/tr>\n<tr>\n<td>Odma\u0161t\u011bn\u00ed kotou\u010de a desti\u010dek<\/td>\n<td>80 K\u010d<\/td>\n<\/tr>\n<tr>\n<td>zkr\u00e1cen\u00ed hydraulick\u00e9 hadice (v\u010d. odvzdu\u0161n\u011bn\u00ed)<\/td>\n<td>350-550 K\u010d<\/td>\n<\/tr>\n<tr>\n<td>Odvzdu\u0161n\u011bn\u00ed hydraulick\u00e9 brzdy (v\u010d. n\u00e1pln\u011b)<\/td>\n<td>250-450 K\u010d<\/td>\n<\/tr>\n<tr>\n<td>Mont\u00e1\u017e vidlice<\/td>\n<td>350 K\u010d<\/td>\n<\/tr>\n<tr>\n<td>Rovn\u00e1n\u00ed patky p\u0159ehazova\u010dky<\/td>\n<td>150-250 K\u010d<\/td>\n<\/tr>\n<tr>\n<td>V\u00fdm\u011bna grip\u016f<\/td>\n<td>50-80 K\u010d<\/td>\n<\/tr>\n<tr>\n<td>V\u00fdm\u011bna ped\u00e1l\u016f<\/td>\n<td>40 K\u010d<\/td>\n<\/tr>\n<tr>\n<td>Mont\u00e1\u017e \/ v\u00fdm\u011bna \u0159\u00edd\u00edtek<\/td>\n<td>250-450 K\u010d<\/td>\n<\/tr>\n<tr>\n<td>Mont\u00e1\u017e \/ v\u00fdm\u011bna p\u0159edstavce<\/td>\n<td>100 K\u010d<\/td>\n<\/tr>\n<tr>\n<td>Mont\u00e1\u017e \/ v\u00fdm\u011bna sedla nebo sedlovky<\/td>\n<td>100 K\u010d<\/td>\n<\/tr>\n<tr>\n<td>Mont\u00e1\u017e nosi\u010de<\/td>\n<td>200 K\u010d<\/td>\n<\/tr>\n<tr>\n<td>Mont\u00e1\u017e d\u011btsk\u00e9 seda\u010dky<\/td>\n<td>300 K\u010d<\/td>\n<\/tr>\n<tr>\n<td>Mont\u00e1\u017e a nastaven\u00ed tachometru<\/td>\n<td>250 K\u010d<\/td>\n<\/tr>\n<tr>\n<td>Mont\u00e1\u017e stojanu<\/td>\n<td>100 K\u010d<\/td>\n<\/tr>\n<tr>\n<td>Mont\u00e1\u017e roh\u016f<\/td>\n<td>100 K\u010d<\/td>\n<\/tr>\n<tr>\n<td>Mont\u00e1\u017e sv\u011btel<\/td>\n<td>100-120 K\u010d<\/td>\n<\/tr>\n<tr>\n<td>Myt\u00ed kola<\/td>\n<td>250-350 K\u010d<\/td>\n<\/tr>\n<tr>\n<td><strong>Cena za 1 hodinu pr\u00e1ce<\/strong><\/td>\n<td>300 K\u010d<\/td>\n<\/tr>\n<\/tbody>\n<\/table>\n<p>Cen\u00edk servisn\u00edch prac\u00ed je pouze orienta\u010dn\u00ed a m\u016f\u017ee se li\u0161it dle n\u00e1ro\u010dnosti oprav.<\/p>\n<h2>Standardn\u00ed servis:<\/h2>\n<p>&#8211; Cena 450 k\u010d<br \/>\n&#8211; Se\u0159\u00edzen\u00ed brzd (p\u0159edn\u00ed + zadn\u00ed)<br \/>\n&#8211; Se\u0159\u00edzen\u00ed \u0159azen\u00ed (p\u0159edn\u00ed + zadn\u00ed)<br \/>\n&#8211; Se\u0159\u00edzen\u00ed hlavov\u00e9ho slo\u017een\u00ed<br \/>\n&#8211; Docentrov\u00e1n\u00ed v\u00fdplet\u016f kol (p\u0159edn\u00ed + zadn\u00ed)<br \/>\n&#8211; V p\u0159\u00edpad\u011b pot\u0159eby v\u00fdm\u011bna brzdov\u00fdch \u0161palk\u016f nebo desti\u010dek<br \/>\n&#8211; Kontrola a dota\u017een\u00ed \u0161roub\u016f<br \/>\n&#8211; \u010ci\u0161t\u011bn\u00ed a maz\u00e1n\u00ed bovden\u016f, pastork\u016f a \u0159et\u011bzu<br \/>\n&#8211; Zm\u011b\u0159en\u00ed stavu \u0159et\u011bzu + p\u0159\u00edpadn\u00e1 v\u00fdm\u011bna<br \/>\n&#8211; Dofouknut\u00ed kol na spr\u00e1vn\u00fd tlak<br \/>\n&#8211; Kontrola celkov\u00e9ho stavu kola<br \/>\n(cena nezahnuje materi\u00e1l)<\/p>\n<h2>Velk\u00fd servis:<\/h2>\n<p>&#8211; Cena 990 k\u010d<br \/>\n&#8211; Se\u0159\u00edzen\u00ed brzd (p\u0159edn\u00ed + zadn\u00ed)<br \/>\n&#8211; Se\u0159\u00edzen\u00ed \u0159azen\u00ed (p\u0159edn\u00ed + zadn\u00ed)<br \/>\n&#8211; Se\u0159\u00edzen\u00ed, vy\u010di\u0161t\u011bn\u00ed a promaz\u00e1n\u00ed hlavov\u00e9ho slo\u017een\u00ed<br \/>\n&#8211; Se\u0159\u00edzen\u00ed, vy\u010di\u0161t\u011bn\u00ed a promaz\u00e1n\u00ed n\u00e1boj\u016f kol<br \/>\n&#8211; Vycentrov\u00e1n\u00ed a dota\u017een\u00ed v\u00fdplet\u016f kol<br \/>\n&#8211; V p\u0159\u00edpad\u011b pot\u0159eby v\u00fdm\u011bna brzdov\u00fdch \u0161palk\u016f nebo desti\u010dek<br \/>\n&#8211; Kontrola a dota\u017een\u00ed \u0161roub\u016f<br \/>\n&#8211; Kontrola stavu lanek a bowden\u016f p\u0159\u00edpadn\u00e1 v\u00fdm\u011bna<br \/>\n&#8211; Zm\u011b\u0159en\u00ed stavu \u0159et\u011bzu + p\u0159\u00edpadn\u00e1 v\u00fdm\u011bna<br \/>\n&#8211; Nafouknut\u00ed kol na spr\u00e1vn\u00fd tlak<br \/>\n&#8211; Kontrola celkov\u00e9ho stavu kola<br \/>\n&#8211; Konzultace a nastaven\u00ed odpru\u017een\u00e9 vidlice a tlumi\u010de<br \/>\n-Dal\u0161\u00ed nutn\u00e9 \u00fakony<br \/>\n(cena nezahnuje materi\u00e1l)<\/p>\n","protected":false},"excerpt":{"rendered":"<p>Poskytujeme servis v\u0161ech typ\u016f a zna\u010dek j\u00edzdn\u00edch kol. Servis prov\u00e1d\u00edme v\u011bt\u0161inou do 24 hod, nebo dle domluvy. P\u0159ed zapo\u010det\u00edm servisn\u00edch prac\u00ed V\u00e1m kolo prohl\u00e9dneme a prokonzultujeme s V\u00e1mi pot\u0159ebn\u00e9 \u00fakony, aby Va\u0161e j\u00edzdn\u00ed kolo bylo op\u011bt v co nejlep\u0161\u00ed kondici. V p\u0159\u00edpad\u011b \u017ee, naraz\u00edme na skryt\u00fd probl\u00e9m v pr\u016fb\u011bhu prac\u00ed budeme V\u00e1s kontaktovat, a sd\u011bl\u00edme [&hellip;]<\/p>\n","protected":false},"author":3,"featured_media":950,"parent":0,"menu_order":0,"comment_status":"closed","ping_status":"open","template":"","meta":{"ngg_post_thumbnail":0,"footnotes":""},"aioseo_notices":[],"_links":{"self":[{"href":"https:\/\/www.karbon-servis.cz\/carbon\/wp-json\/wp\/v2\/pages\/35"}],"collection":[{"href":"https:\/\/www.karbon-servis.cz\/carbon\/wp-json\/wp\/v2\/pages"}],"about":[{"href":"https:\/\/www.karbon-servis.cz\/carbon\/wp-json\/wp\/v2\/types\/page"}],"author":[{"embeddable":true,"href":"https:\/\/www.karbon-servis.cz\/carbon\/wp-json\/wp\/v2\/users\/3"}],"replies":[{"embeddable":true,"href":"https:\/\/www.karbon-servis.cz\/carbon\/wp-json\/wp\/v2\/comments?post=35"}],"version-history":[{"count":1,"href":"https:\/\/www.karbon-servis.cz\/carbon\/wp-json\/wp\/v2\/pages\/35\/revisions"}],"predecessor-version":[{"id":966,"href":"https:\/\/www.karbon-servis.cz\/carbon\/wp-json\/wp\/v2\/pages\/35\/revisions\/966"}],"wp:featuredmedia":[{"embeddable":true,"href":"https:\/\/www.karbon-servis.cz\/carbon\/wp-json\/wp\/v2\/media\/950"}],"wp:attachment":[{"href":"https:\/\/www.karbon-servis.cz\/carbon\/wp-json\/wp\/v2\/media?parent=35"}],"curies":[{"name":"wp","href":"https:\/\/api.w.org\/{rel}","templated":true}]}}