{"id":33,"date":"2014-01-24T18:10:46","date_gmt":"2014-01-24T17:10:46","guid":{"rendered":"http:\/\/www.karbon-servis.cz\/carbon\/?page_id=33"},"modified":"2025-03-15T18:16:46","modified_gmt":"2025-03-15T17:16:46","slug":"kontakt","status":"publish","type":"page","link":"https:\/\/www.karbon-servis.cz\/carbon\/kontakt\/","title":{"rendered":"Kontakt"},"content":{"rendered":"<div class=\"fcbkbttn_buttons_block\" id=\"fcbkbttn_left\"><div class=\"fcbkbttn_button\">\n                            <a href=\"https:\/\/www.facebook.com\/\" target=\"_blank\">\n                                <img decoding=\"async\" src=\"https:\/\/www.karbon-servis.cz\/carbon\/wp-content\/plugins\/facebook-button-plugin\/images\/standard-facebook-ico.png\" alt=\"Fb-Button\" \/>\n                            <\/a>\n                        <\/div><div class=\"fcbkbttn_like \"><fb:like href=\"https:\/\/www.karbon-servis.cz\/carbon\/kontakt\/\" action=\"like\" colorscheme=\"light\" layout=\"standard\"  width=\"225px\" size=\"small\"><\/fb:like><\/div><\/div><h2><span style=\"color: #ff0000;\"><strong><span class=\"tojvnm2t a6sixzi8 abs2jz4q a8s20v7p t1p8iaqh k5wvi7nf q3lfd5jv pk4s997a bipmatt0 cebpdrjk qowsmv63 owwhemhu dp1hu0rb dhp61c6y iyyx5f41\">Pokud m\u00e1te z\u00e1jem o opravu, nemus\u00edte n\u00e1m volat. Nejrychlej\u0161\u00ed zp\u016fsob je rovnou nafocen\u00e9 po\u0161kozen\u00ed poslat na e-mail v kontaktech nebo p\u0159es n\u00e1\u0161 popt\u00e1vkov\u00fd formul\u00e1\u0159. Zpravidla odpov\u00edd\u00e1me do n\u011bkolika hodin. Po telefonu V\u00e1m \u010dasto nedok\u00e1\u017eeme nic konkr\u00e9tn\u00edho sd\u011blit.<\/span><\/strong><\/span><\/h2>\n<p><strong>Karbon-servis<\/strong><\/p>\n<p>Poln\u00ed 24<br \/>\nOpava 74601<\/p>\n<p>Jakub Sedl\u00e1\u0159<br \/>\nI\u010cO: 73308251<\/p>\n<p>+420 608 695 506<br \/>\n+420 774 157 217<\/p>\n<p><span style=\"line-height: 1.5em;\">E-mail: <\/span><a style=\"line-height: 1.5em;\" href=\"mailto:info@karbon-servis.cz\">info@karbon-servis.cz<\/a><\/p>\n<p><iframe loading=\"lazy\" style=\"border: 0;\" src=\"https:\/\/www.google.com\/maps\/embed?pb=!1m18!1m12!1m3!1d2568.1170155636332!2d17.919176051576663!3d49.93414557930639!2m3!1f0!2f0!3f0!3m2!1i1024!2i768!4f13.1!3m3!1m2!1s0x4713d865d509cded%3A0xe165614148f49814!2zUG9sbsOtIDIzOTMvMjQsIFDFmWVkbcSbc3TDrSwgNzQ2IDAxIE9wYXZh!5e0!3m2!1scs!2scz!4v1541871955651\" width=\"400\" height=\"300\" frameborder=\"0\" allowfullscreen=\"allowfullscreen\"><\/iframe><\/p>\n","protected":false},"excerpt":{"rendered":"<p>Pokud m\u00e1te z\u00e1jem o opravu, nemus\u00edte n\u00e1m volat. Nejrychlej\u0161\u00ed zp\u016fsob je rovnou nafocen\u00e9 po\u0161kozen\u00ed poslat na e-mail v kontaktech nebo p\u0159es n\u00e1\u0161 popt\u00e1vkov\u00fd formul\u00e1\u0159. Zpravidla odpov\u00edd\u00e1me do n\u011bkolika hodin. Po telefonu V\u00e1m \u010dasto nedok\u00e1\u017eeme nic konkr\u00e9tn\u00edho sd\u011blit. Karbon-servis Poln\u00ed 24 Opava 74601 Jakub Sedl\u00e1\u0159 I\u010cO: 73308251 +420 608 695 506 +420 774 157 217 E-mail: [&hellip;]<\/p>\n","protected":false},"author":3,"featured_media":0,"parent":0,"menu_order":0,"comment_status":"closed","ping_status":"open","template":"","meta":{"ngg_post_thumbnail":0,"footnotes":""},"aioseo_notices":[],"_links":{"self":[{"href":"https:\/\/www.karbon-servis.cz\/carbon\/wp-json\/wp\/v2\/pages\/33"}],"collection":[{"href":"https:\/\/www.karbon-servis.cz\/carbon\/wp-json\/wp\/v2\/pages"}],"about":[{"href":"https:\/\/www.karbon-servis.cz\/carbon\/wp-json\/wp\/v2\/types\/page"}],"author":[{"embeddable":true,"href":"https:\/\/www.karbon-servis.cz\/carbon\/wp-json\/wp\/v2\/users\/3"}],"replies":[{"embeddable":true,"href":"https:\/\/www.karbon-servis.cz\/carbon\/wp-json\/wp\/v2\/comments?post=33"}],"version-history":[{"count":3,"href":"https:\/\/www.karbon-servis.cz\/carbon\/wp-json\/wp\/v2\/pages\/33\/revisions"}],"predecessor-version":[{"id":1088,"href":"https:\/\/www.karbon-servis.cz\/carbon\/wp-json\/wp\/v2\/pages\/33\/revisions\/1088"}],"wp:attachment":[{"href":"https:\/\/www.karbon-servis.cz\/carbon\/wp-json\/wp\/v2\/media?parent=33"}],"curies":[{"name":"wp","href":"https:\/\/api.w.org\/{rel}","templated":true}]}}