{"id":31,"date":"2014-01-24T18:10:26","date_gmt":"2014-01-24T17:10:26","guid":{"rendered":"http:\/\/www.karbon-servis.cz\/carbon\/?page_id=31"},"modified":"2016-04-15T07:09:17","modified_gmt":"2016-04-15T06:09:17","slug":"zajimavosti","status":"publish","type":"page","link":"https:\/\/www.karbon-servis.cz\/carbon\/zajimavosti\/","title":{"rendered":"Zaj\u00edmavosti"},"content":{"rendered":"<div class=\"fcbkbttn_buttons_block\" id=\"fcbkbttn_left\"><div class=\"fcbkbttn_button\">\n                            <a href=\"https:\/\/www.facebook.com\/\" target=\"_blank\">\n                                <img decoding=\"async\" src=\"https:\/\/www.karbon-servis.cz\/carbon\/wp-content\/plugins\/facebook-button-plugin\/images\/standard-facebook-ico.png\" alt=\"Fb-Button\" \/>\n                            <\/a>\n                        <\/div><div class=\"fcbkbttn_like \"><fb:like href=\"https:\/\/www.karbon-servis.cz\/carbon\/zajimavosti\/\" action=\"like\" colorscheme=\"light\" layout=\"standard\"  width=\"225px\" size=\"small\"><\/fb:like><\/div><\/div><p><strong>SVAZOV\u00c1N\u00cd V\u00ddPLETU<\/strong><\/p>\n<p>&nbsp;<\/p>\n<p>Svaz\u00e1n\u00edm v\u00fdpletu karbonov\u00fdm rovingem znateln\u011b zv\u00fd\u0161\u00edte pevnost Va\u0161ich zapleten\u00fdch kol.<\/p>\n<p>Vhodn\u00e9 pou\u017e\u00edt p\u0159edev\u0161\u00edm pro 29ti palcov\u00e1 kola a klasick\u00fd silni\u010dn\u00ed v\u00fdplet.<\/p>\n<p>Karbonov\u00fd roving je neuv\u011b\u0159iteln\u011b pevn\u00fd a p\u0159itom lehk\u00fd, n\u00e1r\u016fst hmotnosti maxim\u00e1ln\u011b <strong>3-5 gram\u016f.<\/strong><\/p>\n<p>Doporu\u010dujeme sv\u00e1zat v\u00fdplet u zadn\u00edho kola na stran\u011b kazety z d\u016fvodu nejv\u011bt\u0161\u00edho zat\u00ed\u017een\u00ed p\u0159i z\u00e1b\u011bru,\u00a0u\u00a0p\u0159edn\u00edho kola pak na stran\u011b kotou\u010de.<\/p>\n<p>Kola po svazov\u00e1n\u00ed je mo\u017en\u00e9 samoz\u0159ejm\u011b b\u011b\u017en\u011b centrovat.<\/p>\n<p>&nbsp;<\/p>\n<p><strong>Cena svazov\u00e1n\u00ed<\/strong><\/p>\n<p><em><strong>200,- K\u010d<\/strong><\/em>\/ jedna strana jednoho v\u00fdpletu<\/p>\n\n\t\t<style type=\"text\/css\">\n\t\t\t#gallery-1 {\n\t\t\t\tmargin: auto;\n\t\t\t}\n\t\t\t#gallery-1 .gallery-item {\n\t\t\t\tfloat: left;\n\t\t\t\tmargin-top: 10px;\n\t\t\t\ttext-align: center;\n\t\t\t\twidth: 25%;\n\t\t\t}\n\t\t\t#gallery-1 img {\n\t\t\t\tborder: 2px solid #cfcfcf;\n\t\t\t}\n\t\t\t#gallery-1 .gallery-caption {\n\t\t\t\tmargin-left: 0;\n\t\t\t}\n\t\t\t\/* see gallery_shortcode() in wp-includes\/media.php *\/\n\t\t<\/style>\n\t\t<div id='gallery-1' class='gallery galleryid-31 gallery-columns-4 gallery-size-thumbnail'><dl class='gallery-item'>\n\t\t\t<dt class='gallery-icon landscape'>\n\t\t\t\t<a href='https:\/\/www.karbon-servis.cz\/carbon\/wp-content\/uploads\/2014\/01\/DSC03884.jpg'><img loading=\"lazy\" decoding=\"async\" width=\"150\" height=\"150\" src=\"https:\/\/www.karbon-servis.cz\/carbon\/wp-content\/uploads\/2014\/01\/DSC03884-150x150.jpg\" class=\"attachment-thumbnail size-thumbnail\" alt=\"\" \/><\/a>\n\t\t\t<\/dt><\/dl><dl class='gallery-item'>\n\t\t\t<dt class='gallery-icon landscape'>\n\t\t\t\t<a href='https:\/\/www.karbon-servis.cz\/carbon\/wp-content\/uploads\/2014\/01\/DSC03887.jpg'><img loading=\"lazy\" decoding=\"async\" width=\"150\" height=\"150\" src=\"https:\/\/www.karbon-servis.cz\/carbon\/wp-content\/uploads\/2014\/01\/DSC03887-150x150.jpg\" class=\"attachment-thumbnail size-thumbnail\" alt=\"\" \/><\/a>\n\t\t\t<\/dt><\/dl><dl class='gallery-item'>\n\t\t\t<dt class='gallery-icon landscape'>\n\t\t\t\t<a href='https:\/\/www.karbon-servis.cz\/carbon\/wp-content\/uploads\/2014\/05\/DSC00993.jpg'><img loading=\"lazy\" decoding=\"async\" width=\"150\" height=\"150\" src=\"https:\/\/www.karbon-servis.cz\/carbon\/wp-content\/uploads\/2014\/05\/DSC00993-150x150.jpg\" class=\"attachment-thumbnail size-thumbnail\" alt=\"\" \/><\/a>\n\t\t\t<\/dt><\/dl><dl class='gallery-item'>\n\t\t\t<dt class='gallery-icon landscape'>\n\t\t\t\t<a href='https:\/\/www.karbon-servis.cz\/carbon\/wp-content\/uploads\/2014\/05\/BMC.jpg'><img loading=\"lazy\" decoding=\"async\" width=\"150\" height=\"150\" src=\"https:\/\/www.karbon-servis.cz\/carbon\/wp-content\/uploads\/2014\/05\/BMC-150x150.jpg\" class=\"attachment-thumbnail size-thumbnail\" alt=\"\" \/><\/a>\n\t\t\t<\/dt><\/dl><br style=\"clear: both\" \/>\n\t\t<\/div>\n\n<p>&nbsp;<\/p>\n","protected":false},"excerpt":{"rendered":"<p>SVAZOV\u00c1N\u00cd V\u00ddPLETU &nbsp; Svaz\u00e1n\u00edm v\u00fdpletu karbonov\u00fdm rovingem znateln\u011b zv\u00fd\u0161\u00edte pevnost Va\u0161ich zapleten\u00fdch kol. Vhodn\u00e9 pou\u017e\u00edt p\u0159edev\u0161\u00edm pro 29ti palcov\u00e1 kola a klasick\u00fd silni\u010dn\u00ed v\u00fdplet. Karbonov\u00fd roving je neuv\u011b\u0159iteln\u011b pevn\u00fd a p\u0159itom lehk\u00fd, n\u00e1r\u016fst hmotnosti maxim\u00e1ln\u011b 3-5 gram\u016f. Doporu\u010dujeme sv\u00e1zat v\u00fdplet u zadn\u00edho kola na stran\u011b kazety z d\u016fvodu nejv\u011bt\u0161\u00edho zat\u00ed\u017een\u00ed p\u0159i z\u00e1b\u011bru,\u00a0u\u00a0p\u0159edn\u00edho kola pak na [&hellip;]<\/p>\n","protected":false},"author":3,"featured_media":0,"parent":0,"menu_order":0,"comment_status":"closed","ping_status":"open","template":"","meta":{"ngg_post_thumbnail":0,"footnotes":""},"aioseo_notices":[],"_links":{"self":[{"href":"https:\/\/www.karbon-servis.cz\/carbon\/wp-json\/wp\/v2\/pages\/31"}],"collection":[{"href":"https:\/\/www.karbon-servis.cz\/carbon\/wp-json\/wp\/v2\/pages"}],"about":[{"href":"https:\/\/www.karbon-servis.cz\/carbon\/wp-json\/wp\/v2\/types\/page"}],"author":[{"embeddable":true,"href":"https:\/\/www.karbon-servis.cz\/carbon\/wp-json\/wp\/v2\/users\/3"}],"replies":[{"embeddable":true,"href":"https:\/\/www.karbon-servis.cz\/carbon\/wp-json\/wp\/v2\/comments?post=31"}],"version-history":[{"count":0,"href":"https:\/\/www.karbon-servis.cz\/carbon\/wp-json\/wp\/v2\/pages\/31\/revisions"}],"wp:attachment":[{"href":"https:\/\/www.karbon-servis.cz\/carbon\/wp-json\/wp\/v2\/media?parent=31"}],"curies":[{"name":"wp","href":"https:\/\/api.w.org\/{rel}","templated":true}]}}