{"id":27,"date":"2014-01-24T18:08:53","date_gmt":"2014-01-24T17:08:53","guid":{"rendered":"http:\/\/www.karbon-servis.cz\/carbon\/?page_id=27"},"modified":"2023-11-15T20:01:33","modified_gmt":"2023-11-15T19:01:33","slug":"home-2","status":"publish","type":"page","link":"https:\/\/www.karbon-servis.cz\/carbon\/","title":{"rendered":"Info"},"content":{"rendered":"<div class=\"fcbkbttn_buttons_block\" id=\"fcbkbttn_left\"><div class=\"fcbkbttn_button\">\n                            <a href=\"https:\/\/www.facebook.com\/\" target=\"_blank\">\n                                <img decoding=\"async\" src=\"https:\/\/www.karbon-servis.cz\/carbon\/wp-content\/plugins\/facebook-button-plugin\/images\/standard-facebook-ico.png\" alt=\"Fb-Button\" \/>\n                            <\/a>\n                        <\/div><div class=\"fcbkbttn_like \"><fb:like href=\"https:\/\/www.karbon-servis.cz\/carbon\/\" action=\"like\" colorscheme=\"light\" layout=\"standard\"  width=\"225px\" size=\"small\"><\/fb:like><\/div><\/div><h2>Co opravujeme, jak a za kolik?<\/h2>\n<h3>Co opravujeme<\/h3>\n<p>Opravy karbonov\u00fdch r\u00e1m\u016f kol a dal\u0161\u00edch cyklod\u00edl\u016f jako, vidlice, r\u00e1fky, \u0159id\u00edtka. D\u00e1le pak, ly\u017ea\u0159sk\u00fdch h\u016flek, karbonov\u00fdch p\u00e1del, tuningov\u00fdch d\u00edl\u016f a podobn\u011b. Prost\u011b v\u0161e vyroben\u00e9 z kompositov\u00fdch materi\u00e1l\u016f. Prov\u00e1d\u00edme tak\u00e9 n\u00e1st\u0159ik a p\u0159elakov\u00e1n\u00ed opraven\u00fdch komponent\u016f. To znamen\u00e1, \u017ee v kone\u010dn\u00e9m stavu bude komponent k nerozezn\u00e1n\u00ed od p\u016fvodn\u00edho.<\/p>\n<h3>Co se vyplat\u00ed opravit<\/h3>\n<p>Po prozkoum\u00e1n\u00ed po\u0161kozen\u00e9ho v\u00fdrobku (mo\u017en\u00e9 i z fotografie) se stanov\u00ed p\u0159edb\u011b\u017en\u00e1 sazba opravy, z\u00e1kazn\u00edk se s\u00e1m rozhodne, zda je pro n\u011bj cena akceptovateln\u00e1. Ve v\u011bt\u0161in\u011b p\u0159\u00edpad\u016f je oprava mo\u017en\u00e1 a cenov\u011b p\u0159ijateln\u00e1 v porovn\u00e1n\u00ed s cenou nov\u00e9ho v\u00fdrobku.<\/p>\n<h3>Z\u00e1ruka<\/h3>\n<p>Na opravy, se podle z\u00e1kona vztahuje t\u0159\u00edm\u011bs\u00ed\u010dn\u00ed z\u00e1ru\u010dn\u00ed lh\u016fta. My V\u00e1m ov\u0161em poskytneme z\u00e1ruku 2 roky, nebude- li dohodnuto jinak.<\/p>\n<h3>Cen\u00edk<\/h3>\n<p><span id=\"cch_f31bda68bae8396\" class=\"_mh6 _wsc\"><span class=\"_3oh- _58nk\">Cena je d\u00e1na slo\u017eitost\u00ed opravy souvisej\u00edc\u00ed s rozsahem po\u0161kozen\u00ed. Minim\u00e1ln\u00ed sazba opravy je 300,- , maxim\u00e1ln\u00ed obvykle nep\u0159es\u00e1hne 4500 k\u010d. Pr\u016fm\u011brn\u00e1 cena oprav se pohybuje v rozmez\u00ed 1800 K\u010d a\u017e 3800 K\u010d v\u010detn\u011b lakov\u00e1n\u00ed. Slo\u017eit\u011bj\u0161\u00ed opravy a\u017e 6000 K\u010d (<span class=\"tojvnm2t a6sixzi8 abs2jz4q a8s20v7p t1p8iaqh k5wvi7nf q3lfd5jv pk4s997a bipmatt0 cebpdrjk qowsmv63 owwhemhu dp1hu0rb dhp61c6y iyyx5f41\">v\u010detn\u011b fin\u00e1ln\u00ed \u00fapravy laku<\/span>). <span class=\"tojvnm2t a6sixzi8 abs2jz4q a8s20v7p t1p8iaqh k5wvi7nf q3lfd5jv pk4s997a bipmatt0 cebpdrjk qowsmv63 owwhemhu dp1hu0rb dhp61c6y iyyx5f41\">Opravy na neodstrojenych r\u00e1mech po dohod\u011b za p\u0159\u00edplatek.<\/span><br \/>\n<\/span><\/span><span id=\"cch_f31bda68bae8396\" class=\"_mh6 _wsc\"><span class=\"_3oh- _58nk\">Ceny jsou jen orienta\u010dn\u00ed a v\u0161e z\u00e1le\u017e\u00ed na individu\u00e1ln\u00edm posouzen\u00ed.<\/span><\/span><\/p>\n<h3>Jak dlouho oprava trv\u00e1<\/h3>\n<p><span id=\"cch_f31bda68bae8396\" class=\"_mh6 _wsc\"><span class=\"_3oh- _58nk\"><span class=\"tojvnm2t a6sixzi8 abs2jz4q a8s20v7p t1p8iaqh k5wvi7nf q3lfd5jv pk4s997a bipmatt0 cebpdrjk qowsmv63 owwhemhu dp1hu0rb dhp61c6y iyyx5f41\">V\u017edy z\u00e1le\u017e\u00ed na rozsahu po\u0161kozen\u00ed. Opravy prov\u00e1d\u00edme zpravidla za 7 a\u017e 14 dn\u016f, slo\u017eit\u011bj\u0161\u00ed opravy a v sezon\u011b pak okolo 15 a\u017e 21 dn\u016f.<\/span><\/span><\/span><\/p>\n<h3>Jak na opravu?<\/h3>\n<p><span id=\"cch_f369e459beeaf1a\" class=\"_mh6 _wsc\"><span class=\"_3oh- _58nk\">Co ud\u011blat s r\u00e1my a dal\u0161\u00edmi komponenty, kter\u00e9 po\u017eadujete opravit? Ode\u0161lete je p\u0159epravn\u00ed slu\u017ebou, nebo dovezte na adresu uvedenou v kontaktech. Ale v\u017edy a\u017e po emailov\u00e9, nebo telefonick\u00e9 domluv\u011b! My je n\u00e1sledn\u011b opraven\u00e9 p\u0159ed\u00e1me\/ode\u0161leme zp\u011bt.<\/span><\/span><\/p>\n<h2><span class=\"tojvnm2t a6sixzi8 abs2jz4q a8s20v7p t1p8iaqh k5wvi7nf q3lfd5jv pk4s997a bipmatt0 cebpdrjk qowsmv63 owwhemhu dp1hu0rb dhp61c6y iyyx5f41\" style=\"color: #ff0000;\">Pokud m\u00e1te z\u00e1jem o opravu, nemus\u00edte n\u00e1m volat. Nejrychlej\u0161\u00ed zp\u016fsob je rovnou nafocen\u00e9 po\u0161kozen\u00ed poslat na e-mail v kontaktech nebo p\u0159es n\u00e1\u0161 popt\u00e1vkov\u00fd formul\u00e1\u0159. Zpravidla odpov\u00edd\u00e1me do n\u011bkolika hodin. Po telefonu V\u00e1m \u010dasto nedok\u00e1\u017eeme nic konkr\u00e9tn\u00edho sd\u011blit.<\/span><\/h2>\n","protected":false},"excerpt":{"rendered":"<p>Co opravujeme, jak a za kolik? Co opravujeme Opravy karbonov\u00fdch r\u00e1m\u016f kol a dal\u0161\u00edch cyklod\u00edl\u016f jako, vidlice, r\u00e1fky, \u0159id\u00edtka. D\u00e1le pak, ly\u017ea\u0159sk\u00fdch h\u016flek, karbonov\u00fdch p\u00e1del, tuningov\u00fdch d\u00edl\u016f a podobn\u011b. Prost\u011b v\u0161e vyroben\u00e9 z kompositov\u00fdch materi\u00e1l\u016f. Prov\u00e1d\u00edme tak\u00e9 n\u00e1st\u0159ik a p\u0159elakov\u00e1n\u00ed opraven\u00fdch komponent\u016f. To znamen\u00e1, \u017ee v kone\u010dn\u00e9m stavu bude komponent k nerozezn\u00e1n\u00ed od p\u016fvodn\u00edho. Co [&hellip;]<\/p>\n","protected":false},"author":3,"featured_media":934,"parent":0,"menu_order":0,"comment_status":"closed","ping_status":"open","template":"","meta":{"ngg_post_thumbnail":0,"footnotes":""},"aioseo_notices":[],"_links":{"self":[{"href":"https:\/\/www.karbon-servis.cz\/carbon\/wp-json\/wp\/v2\/pages\/27"}],"collection":[{"href":"https:\/\/www.karbon-servis.cz\/carbon\/wp-json\/wp\/v2\/pages"}],"about":[{"href":"https:\/\/www.karbon-servis.cz\/carbon\/wp-json\/wp\/v2\/types\/page"}],"author":[{"embeddable":true,"href":"https:\/\/www.karbon-servis.cz\/carbon\/wp-json\/wp\/v2\/users\/3"}],"replies":[{"embeddable":true,"href":"https:\/\/www.karbon-servis.cz\/carbon\/wp-json\/wp\/v2\/comments?post=27"}],"version-history":[{"count":7,"href":"https:\/\/www.karbon-servis.cz\/carbon\/wp-json\/wp\/v2\/pages\/27\/revisions"}],"predecessor-version":[{"id":1038,"href":"https:\/\/www.karbon-servis.cz\/carbon\/wp-json\/wp\/v2\/pages\/27\/revisions\/1038"}],"wp:featuredmedia":[{"embeddable":true,"href":"https:\/\/www.karbon-servis.cz\/carbon\/wp-json\/wp\/v2\/media\/934"}],"wp:attachment":[{"href":"https:\/\/www.karbon-servis.cz\/carbon\/wp-json\/wp\/v2\/media?parent=27"}],"curies":[{"name":"wp","href":"https:\/\/api.w.org\/{rel}","templated":true}]}}